{"id":11006,"date":"2022-12-26T18:41:02","date_gmt":"2022-12-26T18:41:02","guid":{"rendered":"https:\/\/www.bodegaelabueloflores.es\/?post_type=product&#038;p=11006"},"modified":"2022-12-26T18:41:02","modified_gmt":"2022-12-26T18:41:02","slug":"renegon","status":"publish","type":"product","link":"https:\/\/www.bodegaelabueloflores.es\/index.php\/product\/renegon\/","title":{"rendered":"Reneg\u00f3n"},"content":{"rendered":"<ul>\n<li>Origen: DOP Sierra de Salamanca<\/li>\n<li>A\u00f1o: 2020<\/li>\n<li>Variedad: Monovarietal de uva 100% tempranillo<\/li>\n<li>Tipo: Crianza<\/li>\n<li>Elaboraci\u00f3n:\n<ul>\n<li>Procedencia de vi\u00f1edos en altura.<\/li>\n<li>Fermentaci\u00f3n en dep\u00f3sitos de acero inoxidable a temperatura controlada y maceraci\u00f3n en fr\u00edo.<\/li>\n<li>Crianza de 6 meses en barricas de roble franc\u00e9s.<\/li>\n<\/ul>\n<\/li>\n<li>Cata:\n<ul>\n<li>Color rojo cereza y brillante<\/li>\n<li>Expresivo, limpio y fino, con aromas de fruta roja y negra bien madurada combinados con especias tu tostados cremosos.<\/li>\n<li>Cuerpo de ligero a medio.<\/li>\n<li>Con frescura y amplitud en el paso a boca, buen car\u00e1cter frutal y final largo con notas l\u00e1cticas y bals\u00e1micas.<\/li>\n<\/ul>\n<\/li>\n<\/ul>\n","protected":false},"excerpt":{"rendered":"<p>Tinto monovarietal 100% tempranillo<\/p>\n","protected":false},"featured_media":11007,"template":"","meta":[],"product_cat":[72],"product_tag":[],"class_list":{"0":"post-11006","1":"product","2":"type-product","3":"status-publish","4":"has-post-thumbnail","6":"product_cat-vinos-tintos","8":"first","9":"instock","10":"shipping-taxable","11":"purchasable","12":"product-type-simple"},"_links":{"self":[{"href":"https:\/\/www.bodegaelabueloflores.es\/index.php\/wp-json\/wp\/v2\/product\/11006","targetHints":{"allow":["GET"]}}],"collection":[{"href":"https:\/\/www.bodegaelabueloflores.es\/index.php\/wp-json\/wp\/v2\/product"}],"about":[{"href":"https:\/\/www.bodegaelabueloflores.es\/index.php\/wp-json\/wp\/v2\/types\/product"}],"wp:featuredmedia":[{"embeddable":true,"href":"https:\/\/www.bodegaelabueloflores.es\/index.php\/wp-json\/wp\/v2\/media\/11007"}],"wp:attachment":[{"href":"https:\/\/www.bodegaelabueloflores.es\/index.php\/wp-json\/wp\/v2\/media?parent=11006"}],"wp:term":[{"taxonomy":"product_cat","embeddable":true,"href":"https:\/\/www.bodegaelabueloflores.es\/index.php\/wp-json\/wp\/v2\/product_cat?post=11006"},{"taxonomy":"product_tag","embeddable":true,"href":"https:\/\/www.bodegaelabueloflores.es\/index.php\/wp-json\/wp\/v2\/product_tag?post=11006"}],"curies":[{"name":"wp","href":"https:\/\/api.w.org\/{rel}","templated":true}]}}